{"id":371,"date":"2024-11-06T18:53:06","date_gmt":"2024-11-06T18:53:06","guid":{"rendered":"http:\/\/astyc.cl\/?page_id=371"},"modified":"2024-11-06T19:31:25","modified_gmt":"2024-11-06T19:31:25","slug":"servicios","status":"publish","type":"page","link":"https:\/\/astyc.cl\/index.php\/servicios\/","title":{"rendered":"Servicios"},"content":{"rendered":"\t\t<div data-elementor-type=\"wp-page\" data-elementor-id=\"371\" class=\"elementor elementor-371\" data-elementor-post-type=\"page\">\n\t\t\t\t\t\t<section class=\"elementor-section elementor-top-section elementor-element elementor-element-ab7db93 elementor-section-boxed elementor-section-height-default elementor-section-height-default\" data-id=\"ab7db93\" data-element_type=\"section\" data-settings=\"{&quot;background_background&quot;:&quot;classic&quot;}\">\n\t\t\t\t\t\t\t<div class=\"elementor-background-overlay\"><\/div>\n\t\t\t\t\t\t\t<div class=\"elementor-container elementor-column-gap-default\">\n\t\t\t\t\t<div class=\"elementor-column elementor-col-100 elementor-top-column elementor-element elementor-element-f64bcb0\" data-id=\"f64bcb0\" data-element_type=\"column\">\n\t\t\t<div class=\"elementor-widget-wrap elementor-element-populated\">\n\t\t\t\t\t\t<div class=\"elementor-element elementor-element-e9d2cb8 elementor-widget elementor-widget-heading\" data-id=\"e9d2cb8\" data-element_type=\"widget\" data-widget_type=\"heading.default\">\n\t\t\t\t<div class=\"elementor-widget-container\">\n\t\t\t<h2 class=\"elementor-heading-title elementor-size-default\">Servicios que ofrecemos\n<\/h2>\t\t<\/div>\n\t\t\t\t<\/div>\n\t\t\t\t<div class=\"elementor-element elementor-element-bf2a117 elementor-widget elementor-widget-heading\" data-id=\"bf2a117\" data-element_type=\"widget\" data-widget_type=\"heading.default\">\n\t\t\t\t<div class=\"elementor-widget-container\">\n\t\t\t<h2 class=\"elementor-heading-title elementor-size-default\">Apoyar su negocio es nuestra prioridad\n\n<\/h2>\t\t<\/div>\n\t\t\t\t<\/div>\n\t\t\t\t\t<\/div>\n\t\t<\/div>\n\t\t\t\t\t<\/div>\n\t\t<\/section>\n\t\t<div class=\"elementor-element elementor-element-0bf85d3 e-flex e-con-boxed e-con e-parent\" data-id=\"0bf85d3\" data-element_type=\"container\" id=\"bio\">\n\t\t\t\t\t<div class=\"e-con-inner\">\n\t\t<div class=\"elementor-element elementor-element-a01abcd e-con-full e-flex e-con e-child\" data-id=\"a01abcd\" data-element_type=\"container\">\n\t\t\t\t<div class=\"elementor-element elementor-element-f4482ee elementor-position-top elementor-widget elementor-widget-image-box\" data-id=\"f4482ee\" data-element_type=\"widget\" data-widget_type=\"image-box.default\">\n\t\t\t\t<div class=\"elementor-widget-container\">\n\t\t\t<div class=\"elementor-image-box-wrapper\"><figure class=\"elementor-image-box-img\"><img fetchpriority=\"high\" decoding=\"async\" width=\"798\" height=\"600\" src=\"https:\/\/astyc.cl\/wp-content\/uploads\/2024\/11\/11062b_1262093511f54b0e8122eb0fff6910d6mv2.webp\" class=\"attachment-full size-full wp-image-373\" alt=\"\" srcset=\"https:\/\/astyc.cl\/wp-content\/uploads\/2024\/11\/11062b_1262093511f54b0e8122eb0fff6910d6mv2.webp 798w, https:\/\/astyc.cl\/wp-content\/uploads\/2024\/11\/11062b_1262093511f54b0e8122eb0fff6910d6mv2-300x226.webp 300w, https:\/\/astyc.cl\/wp-content\/uploads\/2024\/11\/11062b_1262093511f54b0e8122eb0fff6910d6mv2-768x577.webp 768w\" sizes=\"(max-width: 798px) 100vw, 798px\" \/><\/figure><div class=\"elementor-image-box-content\"><h3 class=\"elementor-image-box-title\">Servicios Contables<\/h3><p class=\"elementor-image-box-description\">Orden y seriedad.<br><br>\n\nConfeccionamos sus libros obligatorios y estados financieros en forma oportuna y concreta, ofrecemos acceso fluido a datos e informes financieros a nuestros clientes, cumpliendo con toda la normativa vigente enfoc\u00e1ndonos en una \u00fatil interpretaci\u00f3n financiera y del sistema tributario de nuestro Pa\u00eds.<\/p><\/div><\/div>\t\t<\/div>\n\t\t\t\t<\/div>\n\t\t\t\t<\/div>\n\t\t<div class=\"elementor-element elementor-element-ebfac77 e-con-full e-flex e-con e-child\" data-id=\"ebfac77\" data-element_type=\"container\">\n\t\t\t\t<div class=\"elementor-element elementor-element-8bbad1f elementor-position-top elementor-widget elementor-widget-image-box\" data-id=\"8bbad1f\" data-element_type=\"widget\" data-widget_type=\"image-box.default\">\n\t\t\t\t<div class=\"elementor-widget-container\">\n\t\t\t<div class=\"elementor-image-box-wrapper\"><figure class=\"elementor-image-box-img\"><img decoding=\"async\" width=\"798\" height=\"600\" src=\"https:\/\/astyc.cl\/wp-content\/uploads\/2024\/11\/4e6f10f3eb8646828331ac79b22b67ec.webp\" class=\"attachment-full size-full wp-image-375\" alt=\"\" srcset=\"https:\/\/astyc.cl\/wp-content\/uploads\/2024\/11\/4e6f10f3eb8646828331ac79b22b67ec.webp 798w, https:\/\/astyc.cl\/wp-content\/uploads\/2024\/11\/4e6f10f3eb8646828331ac79b22b67ec-300x226.webp 300w, https:\/\/astyc.cl\/wp-content\/uploads\/2024\/11\/4e6f10f3eb8646828331ac79b22b67ec-768x577.webp 768w\" sizes=\"(max-width: 798px) 100vw, 798px\" \/><\/figure><div class=\"elementor-image-box-content\"><h3 class=\"elementor-image-box-title\">Asesoria Tributaria<\/h3><p class=\"elementor-image-box-description\">Otorgamos soluciones planificadas<br><br>\nNos mantenemos actualizados en todos los aspectos regulatorios y legales para su planificaci\u00f3n tributaria y la posterior presentaci\u00f3n de declaraciones mensuales y anuales ante el SII. Adem\u00e1s efectuamos T\u00e9rminos de Giros y otros servicios para su tranquilidad impositiva.  Cont\u00e1ctenos para saber c\u00f3mo podemos ayudarle.<\/p><\/div><\/div>\t\t<\/div>\n\t\t\t\t<\/div>\n\t\t\t\t<\/div>\n\t\t\t\t\t<\/div>\n\t\t\t\t<\/div>\n\t\t<div class=\"elementor-element elementor-element-94d34ea e-flex e-con-boxed e-con e-parent\" data-id=\"94d34ea\" data-element_type=\"container\">\n\t\t\t\t\t<div class=\"e-con-inner\">\n\t\t<div class=\"elementor-element elementor-element-7400e11 e-con-full e-flex e-con e-child\" data-id=\"7400e11\" data-element_type=\"container\">\n\t\t\t\t<div class=\"elementor-element elementor-element-dac10e7 elementor-position-top elementor-widget elementor-widget-image-box\" data-id=\"dac10e7\" data-element_type=\"widget\" data-widget_type=\"image-box.default\">\n\t\t\t\t<div class=\"elementor-widget-container\">\n\t\t\t<div class=\"elementor-image-box-wrapper\"><figure class=\"elementor-image-box-img\"><img decoding=\"async\" width=\"798\" height=\"600\" src=\"https:\/\/astyc.cl\/wp-content\/uploads\/2024\/11\/b6c4dbe57f954018ab89dcbe0ea3e54d.webp\" class=\"attachment-full size-full wp-image-376\" alt=\"\" srcset=\"https:\/\/astyc.cl\/wp-content\/uploads\/2024\/11\/b6c4dbe57f954018ab89dcbe0ea3e54d.webp 798w, https:\/\/astyc.cl\/wp-content\/uploads\/2024\/11\/b6c4dbe57f954018ab89dcbe0ea3e54d-300x226.webp 300w, https:\/\/astyc.cl\/wp-content\/uploads\/2024\/11\/b6c4dbe57f954018ab89dcbe0ea3e54d-768x577.webp 768w\" sizes=\"(max-width: 798px) 100vw, 798px\" \/><\/figure><div class=\"elementor-image-box-content\"><h3 class=\"elementor-image-box-title\">Asesor\u00eda Legislaci\u00f3n Laboral.<\/h3><p class=\"elementor-image-box-description\">\nNos encargamos de sus trabajadores<br><br>\n\n\nContamos con profesionales con experiencia en temas laborales , desde la contrataci\u00f3n, hasta actuaciones ante la Inspecci\u00f3n del trabajo, somos especialistas en Recursos Humanos.<\/p><\/div><\/div>\t\t<\/div>\n\t\t\t\t<\/div>\n\t\t\t\t<\/div>\n\t\t<div class=\"elementor-element elementor-element-de319ce e-con-full e-flex e-con e-child\" data-id=\"de319ce\" data-element_type=\"container\">\n\t\t\t\t<div class=\"elementor-element elementor-element-57bee0a elementor-position-top elementor-widget elementor-widget-image-box\" data-id=\"57bee0a\" data-element_type=\"widget\" data-widget_type=\"image-box.default\">\n\t\t\t\t<div class=\"elementor-widget-container\">\n\t\t\t<div class=\"elementor-image-box-wrapper\"><figure class=\"elementor-image-box-img\"><img loading=\"lazy\" decoding=\"async\" width=\"798\" height=\"600\" src=\"https:\/\/astyc.cl\/wp-content\/uploads\/2024\/11\/d5838190cba0447aa103713c99db4229.webp\" class=\"attachment-full size-full wp-image-377\" alt=\"\" srcset=\"https:\/\/astyc.cl\/wp-content\/uploads\/2024\/11\/d5838190cba0447aa103713c99db4229.webp 798w, https:\/\/astyc.cl\/wp-content\/uploads\/2024\/11\/d5838190cba0447aa103713c99db4229-300x226.webp 300w, https:\/\/astyc.cl\/wp-content\/uploads\/2024\/11\/d5838190cba0447aa103713c99db4229-768x577.webp 768w\" sizes=\"(max-width: 798px) 100vw, 798px\" \/><\/figure><div class=\"elementor-image-box-content\"><h3 class=\"elementor-image-box-title\">Creaci\u00f3n de empresas a trav\u00e9s de sistema Registro de empresas y sociedades.<\/h3><p class=\"elementor-image-box-description\">Le ahorramos dinero<br><br>\n\nNuestros asesores le brindan servicios personalizados para llevar a cabo su proyecto, todo online, procurando disminuir las actuaciones presenciales, entregamos una gesti\u00f3n seria y profesional, quedando nuestros clientes facultados para facturar y efectuar sus operaciones comerciales con total tranquilidad.<\/p><\/div><\/div>\t\t<\/div>\n\t\t\t\t<\/div>\n\t\t\t\t<\/div>\n\t\t\t\t\t<\/div>\n\t\t\t\t<\/div>\n\t\t<div class=\"elementor-element elementor-element-315e66e e-flex e-con-boxed e-con e-parent\" data-id=\"315e66e\" data-element_type=\"container\">\n\t\t\t\t\t<div class=\"e-con-inner\">\n\t\t<div class=\"elementor-element elementor-element-1119b44 e-con-full e-flex e-con e-child\" data-id=\"1119b44\" data-element_type=\"container\">\n\t\t\t\t<div class=\"elementor-element elementor-element-2f87d21 elementor-position-top elementor-widget elementor-widget-image-box\" data-id=\"2f87d21\" data-element_type=\"widget\" data-widget_type=\"image-box.default\">\n\t\t\t\t<div class=\"elementor-widget-container\">\n\t\t\t<div class=\"elementor-image-box-wrapper\"><figure class=\"elementor-image-box-img\"><img loading=\"lazy\" decoding=\"async\" width=\"798\" height=\"600\" src=\"https:\/\/astyc.cl\/wp-content\/uploads\/2024\/11\/876e5464d9444627b476d94eb90d4ea5.webp\" class=\"attachment-full size-full wp-image-381\" alt=\"\" srcset=\"https:\/\/astyc.cl\/wp-content\/uploads\/2024\/11\/876e5464d9444627b476d94eb90d4ea5.webp 798w, https:\/\/astyc.cl\/wp-content\/uploads\/2024\/11\/876e5464d9444627b476d94eb90d4ea5-300x226.webp 300w, https:\/\/astyc.cl\/wp-content\/uploads\/2024\/11\/876e5464d9444627b476d94eb90d4ea5-768x577.webp 768w\" sizes=\"(max-width: 798px) 100vw, 798px\" \/><\/figure><div class=\"elementor-image-box-content\"><h3 class=\"elementor-image-box-title\">Contabilidad Colegios<\/h3><p class=\"elementor-image-box-description\">Mejoramos su gesti\u00f3n administrativa<br><br>\n\nNos encargamos de la contabilidad de colegios particulares y subvencionados, tenemos experiencia en fiscalizaciones, rendiciones, declaraciones de bonos , gesti\u00f3n de remuneraciones y recursos humanos de docentes y asistentes, asesor\u00eda integral en cuanto sus estatutos.<\/p><\/div><\/div>\t\t<\/div>\n\t\t\t\t<\/div>\n\t\t\t\t<\/div>\n\t\t<div class=\"elementor-element elementor-element-da9c6fc e-con-full e-flex e-con e-child\" data-id=\"da9c6fc\" data-element_type=\"container\">\n\t\t\t\t<div class=\"elementor-element elementor-element-03c257e elementor-position-top elementor-widget elementor-widget-image-box\" data-id=\"03c257e\" data-element_type=\"widget\" data-widget_type=\"image-box.default\">\n\t\t\t\t<div class=\"elementor-widget-container\">\n\t\t\t<div class=\"elementor-image-box-wrapper\"><figure class=\"elementor-image-box-img\"><img loading=\"lazy\" decoding=\"async\" width=\"798\" height=\"600\" src=\"https:\/\/astyc.cl\/wp-content\/uploads\/2024\/11\/6d46c421eaa84c6e96bb68e6eab29873.webp\" class=\"attachment-full size-full wp-image-382\" alt=\"\" srcset=\"https:\/\/astyc.cl\/wp-content\/uploads\/2024\/11\/6d46c421eaa84c6e96bb68e6eab29873.webp 798w, https:\/\/astyc.cl\/wp-content\/uploads\/2024\/11\/6d46c421eaa84c6e96bb68e6eab29873-300x226.webp 300w, https:\/\/astyc.cl\/wp-content\/uploads\/2024\/11\/6d46c421eaa84c6e96bb68e6eab29873-768x577.webp 768w\" sizes=\"(max-width: 798px) 100vw, 798px\" \/><\/figure><div class=\"elementor-image-box-content\"><h3 class=\"elementor-image-box-title\">Domicilio Tributario y Comercial<\/h3><p class=\"elementor-image-box-description\">Facilitamos integralmente del emprendimiento<br><br>\n\nA trav\u00e9s de nuestro servicio de domicilio tributario y comercial , en alianza con nuestra empresa partner Armon\u00eda Legal, podr\u00e1 acreditar domicilio ante el SII, adem\u00e1s de obtener patente comercial, tambi\u00e9n cuenta con servicio recepci\u00f3n de correspondencia SII y Municipalidad.<\/p><\/div><\/div>\t\t<\/div>\n\t\t\t\t<\/div>\n\t\t\t\t<\/div>\n\t\t\t\t\t<\/div>\n\t\t\t\t<\/div>\n\t\t<div class=\"elementor-element elementor-element-40f6f3c e-flex e-con-boxed e-con e-parent\" data-id=\"40f6f3c\" data-element_type=\"container\">\n\t\t\t\t\t<div class=\"e-con-inner\">\n\t\t<div class=\"elementor-element elementor-element-cc183d1 e-con-full e-flex e-con e-child\" data-id=\"cc183d1\" data-element_type=\"container\">\n\t\t\t\t<div class=\"elementor-element elementor-element-e1added elementor-position-top elementor-widget elementor-widget-image-box\" data-id=\"e1added\" data-element_type=\"widget\" data-widget_type=\"image-box.default\">\n\t\t\t\t<div class=\"elementor-widget-container\">\n\t\t\t<div class=\"elementor-image-box-wrapper\"><figure class=\"elementor-image-box-img\"><img loading=\"lazy\" decoding=\"async\" width=\"798\" height=\"600\" src=\"https:\/\/astyc.cl\/wp-content\/uploads\/2024\/11\/11062b_53d0aec91e3e4b50abb5309f259d2debmv2.webp\" class=\"attachment-full size-full wp-image-383\" alt=\"\" srcset=\"https:\/\/astyc.cl\/wp-content\/uploads\/2024\/11\/11062b_53d0aec91e3e4b50abb5309f259d2debmv2.webp 798w, https:\/\/astyc.cl\/wp-content\/uploads\/2024\/11\/11062b_53d0aec91e3e4b50abb5309f259d2debmv2-300x226.webp 300w, https:\/\/astyc.cl\/wp-content\/uploads\/2024\/11\/11062b_53d0aec91e3e4b50abb5309f259d2debmv2-768x577.webp 768w\" sizes=\"(max-width: 798px) 100vw, 798px\" \/><\/figure><div class=\"elementor-image-box-content\"><h3 class=\"elementor-image-box-title\">Anotaciones y Modificaciones Sociales<\/h3><p class=\"elementor-image-box-description\">Gesti\u00f3n Legal y Notarial<br><br>\n\nRealizamos sus modificaciones sociales, entre ellas, compraventa de acciones, aumentos de capital, modificaci\u00f3n de estatutos, Transformaciones sociales, etc.,  a trav\u00e9s de una gesti\u00f3n seria y eficiente, integrada con Notaria, Nos encargamos de todo el proceso, culminando en el optimo informe ante el Servicio de Impuestos Internos.<\/p><\/div><\/div>\t\t<\/div>\n\t\t\t\t<\/div>\n\t\t\t\t<\/div>\n\t\t\t\t\t<\/div>\n\t\t\t\t<\/div>\n\t\t<div class=\"elementor-element elementor-element-a2e650d e-flex e-con-boxed e-con e-parent\" data-id=\"a2e650d\" data-element_type=\"container\">\n\t\t\t\t\t<div class=\"e-con-inner\">\n\t\t\t\t<div class=\"elementor-element elementor-element-98dbce3 elementor-widget elementor-widget-text-editor\" data-id=\"98dbce3\" data-element_type=\"widget\" data-widget_type=\"text-editor.default\">\n\t\t\t\t<div class=\"elementor-widget-container\">\n\t\t\t\t\t\t\t<div id=\"comp-ki0qdlg5\" class=\"HcOXKn SxM0TO QxJLC3 lq2cno comp-ki0qdlg5 wixui-rich-text\" data-testid=\"richTextElement\"><p>Su \u00e9xito es nuestro principal objetivo. Cont\u00e1ctenos e inf\u00f3rmese sobre c\u00f3mo beneficiarse de nuestros servicios.<\/p><\/div>\t\t\t\t\t\t<\/div>\n\t\t\t\t<\/div>\n\t\t\t\t<div class=\"elementor-element elementor-element-02535ef elementor-widget elementor-widget-text-editor\" data-id=\"02535ef\" data-element_type=\"widget\" data-widget_type=\"text-editor.default\">\n\t\t\t\t<div class=\"elementor-widget-container\">\n\t\t\t\t\t\t\t<div id=\"comp-ki0qdlg5\" class=\"HcOXKn SxM0TO QxJLC3 lq2cno comp-ki0qdlg5 wixui-rich-text\" data-testid=\"richTextElement\"><p>contacto@astyc.cl<\/p><p class=\"font_9 wixui-rich-text__text\"><span class=\"color_15 wixui-rich-text__text\">Fonos +56 981385539 &#8211; +56936662009<\/span><\/p><\/div><div id=\"comp-kj8p5fpe\" class=\"HcOXKn SxM0TO QxJLC3 lq2cno comp-kj8p5fpe wixui-rich-text\" data-testid=\"richTextElement\"><p class=\"font_9 wixui-rich-text__text\"><span class=\"color_15 wixui-rich-text__text\">Villagra 070, Providencia.<\/span><\/p><\/div>\t\t\t\t\t\t<\/div>\n\t\t\t\t<\/div>\n\t\t\t\t<div class=\"elementor-element elementor-element-4ef5a55 elementor-shape-rounded elementor-grid-0 e-grid-align-center elementor-widget elementor-widget-social-icons\" data-id=\"4ef5a55\" data-element_type=\"widget\" data-widget_type=\"social-icons.default\">\n\t\t\t\t<div class=\"elementor-widget-container\">\n\t\t\t\t\t<div class=\"elementor-social-icons-wrapper elementor-grid\">\n\t\t\t\t\t\t\t<span class=\"elementor-grid-item\">\n\t\t\t\t\t<a class=\"elementor-icon elementor-social-icon elementor-social-icon-facebook elementor-repeater-item-c1a81f8\" href=\"https:\/\/www.facebook.com\/people\/Astyccl\/100063965258561\/\" target=\"_blank\">\n\t\t\t\t\t\t<span class=\"elementor-screen-only\">Facebook<\/span>\n\t\t\t\t\t\t<svg class=\"e-font-icon-svg e-fab-facebook\" viewBox=\"0 0 512 512\" xmlns=\"http:\/\/www.w3.org\/2000\/svg\"><path d=\"M504 256C504 119 393 8 256 8S8 119 8 256c0 123.78 90.69 226.38 209.25 245V327.69h-63V256h63v-54.64c0-62.15 37-96.48 93.67-96.48 27.14 0 55.52 4.84 55.52 4.84v61h-31.28c-30.8 0-40.41 19.12-40.41 38.73V256h68.78l-11 71.69h-57.78V501C413.31 482.38 504 379.78 504 256z\"><\/path><\/svg>\t\t\t\t\t<\/a>\n\t\t\t\t<\/span>\n\t\t\t\t\t\t\t<span class=\"elementor-grid-item\">\n\t\t\t\t\t<a class=\"elementor-icon elementor-social-icon elementor-social-icon-whatsapp elementor-repeater-item-5316ed4\" href=\"https:\/\/api.whatsapp.com\/send?phone=+5949874595&#038;text=contactenos\" target=\"_blank\">\n\t\t\t\t\t\t<span class=\"elementor-screen-only\">Whatsapp<\/span>\n\t\t\t\t\t\t<svg class=\"e-font-icon-svg e-fab-whatsapp\" viewBox=\"0 0 448 512\" xmlns=\"http:\/\/www.w3.org\/2000\/svg\"><path d=\"M380.9 97.1C339 55.1 283.2 32 223.9 32c-122.4 0-222 99.6-222 222 0 39.1 10.2 77.3 29.6 111L0 480l117.7-30.9c32.4 17.7 68.9 27 106.1 27h.1c122.3 0 224.1-99.6 224.1-222 0-59.3-25.2-115-67.1-157zm-157 341.6c-33.2 0-65.7-8.9-94-25.7l-6.7-4-69.8 18.3L72 359.2l-4.4-7c-18.5-29.4-28.2-63.3-28.2-98.2 0-101.7 82.8-184.5 184.6-184.5 49.3 0 95.6 19.2 130.4 54.1 34.8 34.9 56.2 81.2 56.1 130.5 0 101.8-84.9 184.6-186.6 184.6zm101.2-138.2c-5.5-2.8-32.8-16.2-37.9-18-5.1-1.9-8.8-2.8-12.5 2.8-3.7 5.6-14.3 18-17.6 21.8-3.2 3.7-6.5 4.2-12 1.4-32.6-16.3-54-29.1-75.5-66-5.7-9.8 5.7-9.1 16.3-30.3 1.8-3.7.9-6.9-.5-9.7-1.4-2.8-12.5-30.1-17.1-41.2-4.5-10.8-9.1-9.3-12.5-9.5-3.2-.2-6.9-.2-10.6-.2-3.7 0-9.7 1.4-14.8 6.9-5.1 5.6-19.4 19-19.4 46.3 0 27.3 19.9 53.7 22.6 57.4 2.8 3.7 39.1 59.7 94.8 83.8 35.2 15.2 49 16.5 66.6 13.9 10.7-1.6 32.8-13.4 37.4-26.4 4.6-13 4.6-24.1 3.2-26.4-1.3-2.5-5-3.9-10.5-6.6z\"><\/path><\/svg>\t\t\t\t\t<\/a>\n\t\t\t\t<\/span>\n\t\t\t\t\t<\/div>\n\t\t\t\t<\/div>\n\t\t\t\t<\/div>\n\t\t\t\t\t<\/div>\n\t\t\t\t<\/div>\n\t\t<div class=\"elementor-element elementor-element-e7447d6 e-flex e-con-boxed e-con e-parent\" data-id=\"e7447d6\" data-element_type=\"container\" data-settings=\"{&quot;background_background&quot;:&quot;classic&quot;}\">\n\t\t\t\t\t<div class=\"e-con-inner\">\n\t\t<div class=\"elementor-element elementor-element-8d865ec e-con-full e-flex e-con e-child\" data-id=\"8d865ec\" data-element_type=\"container\">\n\t\t\t\t<div class=\"elementor-element elementor-element-abfc7a1 elementor-widget elementor-widget-heading\" data-id=\"abfc7a1\" data-element_type=\"widget\" data-widget_type=\"heading.default\">\n\t\t\t\t<div class=\"elementor-widget-container\">\n\t\t\t<h2 class=\"elementor-heading-title elementor-size-default\">Astyc todos los derechos reservados 2024\/ Pagina realizada por kreaweb<\/h2>\t\t<\/div>\n\t\t\t\t<\/div>\n\t\t\t\t<\/div>\n\t\t\t\t\t<\/div>\n\t\t\t\t<\/div>\n\t\t\t\t<\/div>\n\t\t","protected":false},"excerpt":{"rendered":"<p>Servicios que ofrecemos Apoyar su negocio es nuestra prioridad Servicios Contables Orden y seriedad. Confeccionamos sus libros obligatorios y estados financieros en forma oportuna y concreta, ofrecemos acceso fluido a datos e informes financieros a nuestros clientes, cumpliendo con toda la normativa vigente enfoc\u00e1ndonos en una \u00fatil interpretaci\u00f3n financiera y del sistema tributario de nuestro [&hellip;]<\/p>\n","protected":false},"author":1,"featured_media":0,"parent":0,"menu_order":0,"comment_status":"closed","ping_status":"closed","template":"elementor_header_footer","meta":{"footnotes":""},"class_list":["post-371","page","type-page","status-publish","hentry"],"_links":{"self":[{"href":"https:\/\/astyc.cl\/index.php\/wp-json\/wp\/v2\/pages\/371","targetHints":{"allow":["GET"]}}],"collection":[{"href":"https:\/\/astyc.cl\/index.php\/wp-json\/wp\/v2\/pages"}],"about":[{"href":"https:\/\/astyc.cl\/index.php\/wp-json\/wp\/v2\/types\/page"}],"author":[{"embeddable":true,"href":"https:\/\/astyc.cl\/index.php\/wp-json\/wp\/v2\/users\/1"}],"replies":[{"embeddable":true,"href":"https:\/\/astyc.cl\/index.php\/wp-json\/wp\/v2\/comments?post=371"}],"version-history":[{"count":13,"href":"https:\/\/astyc.cl\/index.php\/wp-json\/wp\/v2\/pages\/371\/revisions"}],"predecessor-version":[{"id":413,"href":"https:\/\/astyc.cl\/index.php\/wp-json\/wp\/v2\/pages\/371\/revisions\/413"}],"wp:attachment":[{"href":"https:\/\/astyc.cl\/index.php\/wp-json\/wp\/v2\/media?parent=371"}],"curies":[{"name":"wp","href":"https:\/\/api.w.org\/{rel}","templated":true}]}}